{"id":736,"date":"2015-12-14T18:32:25","date_gmt":"2015-12-14T17:32:25","guid":{"rendered":"http:\/\/buergerforum-mengen.de\/blog\/wordpress\/?page_id=736"},"modified":"2015-12-14T18:33:32","modified_gmt":"2015-12-14T17:33:32","slug":"unsere-ziele","status":"publish","type":"page","link":"https:\/\/buergerforum-mengen.de\/blog\/wordpress\/ueber-uns\/unsere-ziele\/","title":{"rendered":"Unsere Ziele"},"content":{"rendered":"<h2><strong>Mit unserem Verein wollen wir vor allem folgende Ziele erreichen:<\/strong><\/h2>\n<ul>\n<li>Plattform zum gegenseitigen Austausch der B\u00fcrger<\/li>\n<li>F\u00f6rderung des b\u00fcrgerschaftlichen Engagements<\/li>\n<li>St\u00e4rkung der Identifikation und des Zusammengeh\u00f6rigkeitsgef\u00fchls im Ort<\/li>\n<li>Besseres Miteinander durch generationen\u00fcbergreifende Achtsamkeit<\/li>\n<li>Impulse f\u00fcr die Weiterentwicklung des Ortsteils<\/li>\n<li>Ma\u00dfnahmen zur Heimatpflege und zur F\u00f6rderung des Ortsbildes<\/li>\n<li>Eingliederung von Neub\u00fcrgern<\/li>\n<li>Integration von Fl\u00fcchtlingen<\/li>\n<li>und vieles mehr (siehe auch \u00a72 unserer Satzung)<\/li>\n<\/ul>\n<h2><strong>Ein paar Ausz\u00fcge aus unseren bisherigen Projekten:<\/strong><\/h2>\n<p style=\"text-align: justify;\">Wir bieten monatlich ein offenes Sportangebot f\u00fcr Jugendliche, unterst\u00fctzen die kirchliche Jugendarbeit und das B\u00fccherzimmer, veranstalten Dorfcafes als generationen-\u00fcbergreifenden Treffpunkt, organisieren \u00f6ffentliche Vortr\u00e4ge zu verschiedenen Themen oder Fahrrad-Reparaturkurse. Besondere H\u00f6hepunkte waren auch die Dorfputzede im Fr\u00fchjahr 2015 und der erste Verschenke-Markt im Sommer 2015. Mit den \u201eSchlauen Blauen\u201c haben wir die Leistungsvielfalt in unserem Ort aufgezeigt und damit zur F\u00f6rderung der ortsans\u00e4ssigen Betriebe beigetragen. Auch Ideen zur Verbesserung des \u00d6PNV oder ein<br \/>\nCar-Sharing- Angebot zum Wohl der B\u00fcrger sind angedacht.<br \/>\nGanz wichtig ist uns dabei, dass sich bei uns jeder offen und unbefangen \u00e4u\u00dfern darf, mit Gleichgesinnten in den offenen Foren und Arbeitsgruppen Gespr\u00e4che f\u00fchren und Ideen entwickeln kann, aus denen mit der Zeit vielleicht konkrete Projekte erwachsen:<br \/>\nDas B\u00fcrgerforum steht jedem offen, der Interesse an uns und unseren Zielen hat!<\/p>\n","protected":false},"excerpt":{"rendered":"<p>Mit unserem Verein wollen wir vor allem folgende Ziele erreichen: Plattform zum gegenseitigen Austausch der B\u00fcrger F\u00f6rderung des b\u00fcrgerschaftlichen Engagements St\u00e4rkung der Identifikation und des Zusammengeh\u00f6rigkeitsgef\u00fchls im Ort Besseres Miteinander durch generationen\u00fcbergreifende Achtsamkeit Impulse f\u00fcr die Weiterentwicklung des Ortsteils Ma\u00dfnahmen &hellip; <a href=\"https:\/\/buergerforum-mengen.de\/blog\/wordpress\/ueber-uns\/unsere-ziele\/\">Weiterlesen <span class=\"meta-nav\">&rarr;<\/span><\/a><\/p>\n","protected":false},"author":5,"featured_media":0,"parent":717,"menu_order":0,"comment_status":"closed","ping_status":"closed","template":"","meta":{"_bbp_topic_count":0,"_bbp_reply_count":0,"_bbp_total_topic_count":0,"_bbp_total_reply_count":0,"_bbp_voice_count":0,"_bbp_anonymous_reply_count":0,"_bbp_topic_count_hidden":0,"_bbp_reply_count_hidden":0,"_bbp_forum_subforum_count":0,"footnotes":""},"class_list":["post-736","page","type-page","status-publish","hentry"],"_links":{"self":[{"href":"https:\/\/buergerforum-mengen.de\/blog\/wordpress\/wp-json\/wp\/v2\/pages\/736","targetHints":{"allow":["GET"]}}],"collection":[{"href":"https:\/\/buergerforum-mengen.de\/blog\/wordpress\/wp-json\/wp\/v2\/pages"}],"about":[{"href":"https:\/\/buergerforum-mengen.de\/blog\/wordpress\/wp-json\/wp\/v2\/types\/page"}],"author":[{"embeddable":true,"href":"https:\/\/buergerforum-mengen.de\/blog\/wordpress\/wp-json\/wp\/v2\/users\/5"}],"replies":[{"embeddable":true,"href":"https:\/\/buergerforum-mengen.de\/blog\/wordpress\/wp-json\/wp\/v2\/comments?post=736"}],"version-history":[{"count":1,"href":"https:\/\/buergerforum-mengen.de\/blog\/wordpress\/wp-json\/wp\/v2\/pages\/736\/revisions"}],"predecessor-version":[{"id":737,"href":"https:\/\/buergerforum-mengen.de\/blog\/wordpress\/wp-json\/wp\/v2\/pages\/736\/revisions\/737"}],"up":[{"embeddable":true,"href":"https:\/\/buergerforum-mengen.de\/blog\/wordpress\/wp-json\/wp\/v2\/pages\/717"}],"wp:attachment":[{"href":"https:\/\/buergerforum-mengen.de\/blog\/wordpress\/wp-json\/wp\/v2\/media?parent=736"}],"curies":[{"name":"wp","href":"https:\/\/api.w.org\/{rel}","templated":true}]}}