{"id":728,"date":"2015-12-14T18:28:15","date_gmt":"2015-12-14T17:28:15","guid":{"rendered":"http:\/\/buergerforum-mengen.de\/blog\/wordpress\/?page_id=728"},"modified":"2015-12-14T18:55:26","modified_gmt":"2015-12-14T17:55:26","slug":"wer-wir-sind","status":"publish","type":"page","link":"https:\/\/buergerforum-mengen.de\/blog\/wordpress\/ueber-uns\/wer-wir-sind\/","title":{"rendered":"Wer wir sind"},"content":{"rendered":"<p style=\"text-align: justify;\">Im Sommer 2013 entstand die Idee, dass sich B\u00fcrgerInnen in und f\u00fcr den Ort Mengen engagieren, um die d\u00f6rfliche Gemeinschaft zu f\u00f6rdern, Verbesserungen im Ort zu erzielen und engagierten B\u00fcrgern eine Plattform zu bieten, ihre Ideen und Tatkraft zum Wohle aller einzubringen. Aus dieser Grundidee ist zwischenzeitlich das sogenannte \u201eB\u00fcrgerforum Mengen\u201c mit verschiedenen Projekt- und Arbeitsgruppen entstanden.<br \/>\nBei einer ersten Informationsveranstaltung im Sommer 2013 wurden im Rahmen einer offenen Diskussion Handlungsfelder festgelegt und Interessenten f\u00fcr Arbeitsgruppen zusammengestellt. Und schon kurz danach ging es los! Die ersten Arbeitsgruppen<br \/>\nnahmen ihre Arbeit auf und erreichten bereits beachtliche Erfolge.<\/p>\n<ul>\n<li style=\"text-align: justify;\">PRESSEARTIKEL BZ <a href=\"http:\/\/buergerforum-mengen.de\/blog\/wordpress\/wp-content\/uploads\/2014\/11\/Mengen-ist-mehr-als-ein-Stra\u00dfenzug-BZ-2013.11.16.pdf\" rel=\"\">Mengen ist mehr als ein Stra\u00dfenzug &#8211; BZ 2013.11.16 <\/a>als PDF<\/li>\n<\/ul>\n<p style=\"text-align: justify;\">Nach der Umsetzung der ersten Projekte ist uns bewusst geworden, dass sich viele Dinge in der Rechtsform eines Vereins einfacher und sicherer regeln lassen. Die bew\u00e4hrte, offene Arbeitsweise in unseren Foren wollten wir dabei jedoch bewusst beibehalten. So entstand nach vielen Gespr\u00e4chen ein Entwurf f\u00fcr unsere Satzung, die mit der Gr\u00fcndungsversammlung am 10. Juni 2015 beschlossen wurde. Dabei wurde auch die Vorstandschaft gew\u00e4hlt.<\/p>\n<p>Unser gesch\u00e4ftsf\u00fchrendes Vorstandsteam:<\/p>\n<div id=\"attachment_731\" style=\"width: 1010px\" class=\"wp-caption alignnone\"><a href=\"http:\/\/buergerforum-mengen.de\/blog\/wordpress\/wp-content\/uploads\/2015\/12\/Foto_Vorstandschaft_am_Ortsschild_2015_1000x700px.jpg\" rel=\"attachment wp-att-731\"><img loading=\"lazy\" decoding=\"async\" aria-describedby=\"caption-attachment-731\" class=\"size-full wp-image-731\" src=\"http:\/\/buergerforum-mengen.de\/blog\/wordpress\/wp-content\/uploads\/2015\/12\/Foto_Vorstandschaft_am_Ortsschild_2015_1000x700px.jpg\" alt=\"Foto Vorstand am Ortsschild\" width=\"1000\" height=\"700\" srcset=\"https:\/\/buergerforum-mengen.de\/blog\/wordpress\/wp-content\/uploads\/2015\/12\/Foto_Vorstandschaft_am_Ortsschild_2015_1000x700px.jpg 1000w, https:\/\/buergerforum-mengen.de\/blog\/wordpress\/wp-content\/uploads\/2015\/12\/Foto_Vorstandschaft_am_Ortsschild_2015_1000x700px-300x210.jpg 300w, https:\/\/buergerforum-mengen.de\/blog\/wordpress\/wp-content\/uploads\/2015\/12\/Foto_Vorstandschaft_am_Ortsschild_2015_1000x700px-768x538.jpg 768w\" sizes=\"auto, (max-width: 1000px) 100vw, 1000px\" \/><\/a><p id=\"caption-attachment-731\" class=\"wp-caption-text\">von links nach rechts: Sabine Schweizer (Schriftf\u00fchrerin), Georg van Lier (2. Vorsitzender), Kai Hoffmann (1. Vorsitzender), Angelika B\u00f6hler (Kassiererin)<br \/>Foto: Badische Zeitung<\/p><\/div>\n<p>&nbsp;<\/p>\n<ul>\n<li><a href=\"http:\/\/buergerforum-mengen.de\/blog\/wordpress\/wp-content\/uploads\/2014\/11\/2015_Bericht-zur-Gr\u00fcndungsversammlung.pdf\" rel=\"\">Bericht zur Gr\u00fcndungsversammlung 2015<\/a>\u00a0als PDF<\/li>\n<\/ul>\n<p style=\"text-align: justify;\">Die gelungene Vereinsgr\u00fcndung wurde mit den anwesenden Gr\u00fcndungsmitgliedern anschlie\u00dfend gefeiert.<\/p>\n<div id=\"attachment_732\" style=\"width: 1010px\" class=\"wp-caption alignnone\"><a href=\"http:\/\/buergerforum-mengen.de\/blog\/wordpress\/wp-content\/uploads\/2015\/12\/Gr\u00fcndungsmitglieder_B\u00fcrgerforum_2015_1000x270px.jpg\" rel=\"attachment wp-att-732\"><img loading=\"lazy\" decoding=\"async\" aria-describedby=\"caption-attachment-732\" class=\"size-full wp-image-732\" src=\"http:\/\/buergerforum-mengen.de\/blog\/wordpress\/wp-content\/uploads\/2015\/12\/Gr\u00fcndungsmitglieder_B\u00fcrgerforum_2015_1000x270px.jpg\" alt=\"Gr\u00fcndungsmitglieder B\u00fcrgerforum feiern die Vereinsgr\u00fcndung.\" width=\"1000\" height=\"270\" srcset=\"https:\/\/buergerforum-mengen.de\/blog\/wordpress\/wp-content\/uploads\/2015\/12\/Gr\u00fcndungsmitglieder_B\u00fcrgerforum_2015_1000x270px.jpg 1000w, https:\/\/buergerforum-mengen.de\/blog\/wordpress\/wp-content\/uploads\/2015\/12\/Gr\u00fcndungsmitglieder_B\u00fcrgerforum_2015_1000x270px-300x81.jpg 300w, https:\/\/buergerforum-mengen.de\/blog\/wordpress\/wp-content\/uploads\/2015\/12\/Gr\u00fcndungsmitglieder_B\u00fcrgerforum_2015_1000x270px-768x207.jpg 768w\" sizes=\"auto, (max-width: 1000px) 100vw, 1000px\" \/><\/a><p id=\"caption-attachment-732\" class=\"wp-caption-text\">Gr\u00fcndungsmitglieder B\u00fcrgerforum feiern die Vereinsgr\u00fcndung.<\/p><\/div>\n<h2 style=\"text-align: center;\"><strong>Unser Verein wurde vom Finanzamt Freiburg Land als gemeinn\u00fctzig anerkannt.<\/strong><\/h2>\n","protected":false},"excerpt":{"rendered":"<p>Im Sommer 2013 entstand die Idee, dass sich B\u00fcrgerInnen in und f\u00fcr den Ort Mengen engagieren, um die d\u00f6rfliche Gemeinschaft zu f\u00f6rdern, Verbesserungen im Ort zu erzielen und engagierten B\u00fcrgern eine Plattform zu bieten, ihre Ideen und Tatkraft zum Wohle &hellip; <a href=\"https:\/\/buergerforum-mengen.de\/blog\/wordpress\/ueber-uns\/wer-wir-sind\/\">Weiterlesen <span class=\"meta-nav\">&rarr;<\/span><\/a><\/p>\n","protected":false},"author":5,"featured_media":0,"parent":717,"menu_order":0,"comment_status":"closed","ping_status":"closed","template":"","meta":{"_bbp_topic_count":0,"_bbp_reply_count":0,"_bbp_total_topic_count":0,"_bbp_total_reply_count":0,"_bbp_voice_count":0,"_bbp_anonymous_reply_count":0,"_bbp_topic_count_hidden":0,"_bbp_reply_count_hidden":0,"_bbp_forum_subforum_count":0,"footnotes":""},"class_list":["post-728","page","type-page","status-publish","hentry"],"_links":{"self":[{"href":"https:\/\/buergerforum-mengen.de\/blog\/wordpress\/wp-json\/wp\/v2\/pages\/728","targetHints":{"allow":["GET"]}}],"collection":[{"href":"https:\/\/buergerforum-mengen.de\/blog\/wordpress\/wp-json\/wp\/v2\/pages"}],"about":[{"href":"https:\/\/buergerforum-mengen.de\/blog\/wordpress\/wp-json\/wp\/v2\/types\/page"}],"author":[{"embeddable":true,"href":"https:\/\/buergerforum-mengen.de\/blog\/wordpress\/wp-json\/wp\/v2\/users\/5"}],"replies":[{"embeddable":true,"href":"https:\/\/buergerforum-mengen.de\/blog\/wordpress\/wp-json\/wp\/v2\/comments?post=728"}],"version-history":[{"count":5,"href":"https:\/\/buergerforum-mengen.de\/blog\/wordpress\/wp-json\/wp\/v2\/pages\/728\/revisions"}],"predecessor-version":[{"id":749,"href":"https:\/\/buergerforum-mengen.de\/blog\/wordpress\/wp-json\/wp\/v2\/pages\/728\/revisions\/749"}],"up":[{"embeddable":true,"href":"https:\/\/buergerforum-mengen.de\/blog\/wordpress\/wp-json\/wp\/v2\/pages\/717"}],"wp:attachment":[{"href":"https:\/\/buergerforum-mengen.de\/blog\/wordpress\/wp-json\/wp\/v2\/media?parent=728"}],"curies":[{"name":"wp","href":"https:\/\/api.w.org\/{rel}","templated":true}]}}