{"id":528,"date":"2015-04-27T15:03:29","date_gmt":"2015-04-27T13:03:29","guid":{"rendered":"http:\/\/buergerforum-mengen.de\/blog\/wordpress\/?page_id=528"},"modified":"2020-01-22T19:56:35","modified_gmt":"2020-01-22T18:56:35","slug":"bildergalerie","status":"publish","type":"page","link":"https:\/\/buergerforum-mengen.de\/blog\/wordpress\/bildergalerie\/","title":{"rendered":"Bildergalerie"},"content":{"rendered":"<p><a href=\"https:\/\/buergerforum-mengen.de\/blog\/wordpress\/bildergalerie\/de-bur-stoht-uff\/\">De Bur Stoht Uff<\/a><\/p>\n<p><a href=\"http:\/\/buergerforum-mengen.de\/blog\/wordpress\/bildergalerie\/herbstmarkt-23-24-09-2016\/\">Herbstmarkt 23.-24.09.2016<\/a><\/p>\n<p><a href=\"http:\/\/buergerforum-mengen.de\/blog\/wordpress\/bildergalerie\/verschenke-markt-09-04-2016\/\">Verschenke Markt 09.04.2016<\/a><\/p>\n<p><a href=\"http:\/\/buergerforum-mengen.de\/blog\/wordpress\/?p=535\">Fahrrad Reparaturkurs 04.04.2014<\/a><\/p>\n<p><a href=\"http:\/\/buergerforum-mengen.de\/blog\/wordpress\/?p=566\">B\u00fcrger Cafe 13.04.2014<\/a><\/p>\n<p><a href=\"http:\/\/buergerforum-mengen.de\/blog\/wordpress\/dorfputzede-21-03-2015\/\">Dorfputzede 21.03.2015<\/a><\/p>\n<hr \/>\n<h2>Wichtiger Hinweis f\u00fcr die Bildergalerie<\/h2>\n<p>Liebe Besucher unserer Homepage,<\/p>\n<p style=\"text-align: justify;\">mit unserer Bildergalerie wollen wir allen Interessierten einige Projekte aus unserem Vereinsleben vorstellen. Meist sind auf den Fotos Vereinsmitglieder zu sehen oder Personen, die uns ihr (konkludentes) Einverst\u00e4ndnis gegeben haben, dass wir diese Bilder ver\u00f6ffentlichen d\u00fcrfen.<\/p>\n<p style=\"text-align: justify;\">Gerade bei gr\u00f6\u00dferen Veranstaltungen mit zahlreichen Besuchern l\u00e4sst es sich jedoch nicht immer vermeiden, das ggf. auch Personen auf den Bildern zu sehen sind, die einer Ver\u00f6ffentlichung nicht ausdr\u00fccklich zugestimmt haben. Auch wenn es rein rechtlich zul\u00e4ssig w\u00e4re (Ausnahmetatbest\u00e4nde beim \u201eRecht am eigenen Bild\u201c), diese Fotos auf unserer Homepage zu zeigen, nehmen wir etwaige Bedenken und Vorbehalte sehr ernst:<\/p>\n<p class=\"\" style=\"text-align: justify;\"><strong>Wenn Sie auf einem unserer Fotos zu sehen sind, eine Ver\u00f6ffentlichung aber nicht w\u00fcnschen, so k\u00f6nnen Sie sich jederzeit an uns wenden:<\/strong><\/p>\n<p class=\"\"><a href=\"mailto:vorstand@buergerforum-mengen.de\">vorstand@buergerforum-mengen.de<\/a><\/p>\n<p>Wir werden das betreffende Foto dann schnellstm\u00f6glich von unserer Homepage l\u00f6schen.<\/p>\n","protected":false},"excerpt":{"rendered":"<p>De Bur Stoht Uff Herbstmarkt 23.-24.09.2016 Verschenke Markt 09.04.2016 Fahrrad Reparaturkurs 04.04.2014 B\u00fcrger Cafe 13.04.2014 Dorfputzede 21.03.2015 Wichtiger Hinweis f\u00fcr die Bildergalerie Liebe Besucher unserer Homepage, mit unserer Bildergalerie wollen wir allen Interessierten einige Projekte aus unserem Vereinsleben vorstellen. Meist &hellip; <a href=\"https:\/\/buergerforum-mengen.de\/blog\/wordpress\/bildergalerie\/\">Weiterlesen <span class=\"meta-nav\">&rarr;<\/span><\/a><\/p>\n","protected":false},"author":5,"featured_media":0,"parent":0,"menu_order":0,"comment_status":"closed","ping_status":"open","template":"","meta":{"_bbp_topic_count":0,"_bbp_reply_count":0,"_bbp_total_topic_count":0,"_bbp_total_reply_count":0,"_bbp_voice_count":0,"_bbp_anonymous_reply_count":0,"_bbp_topic_count_hidden":0,"_bbp_reply_count_hidden":0,"_bbp_forum_subforum_count":0,"footnotes":""},"class_list":["post-528","page","type-page","status-publish","hentry"],"_links":{"self":[{"href":"https:\/\/buergerforum-mengen.de\/blog\/wordpress\/wp-json\/wp\/v2\/pages\/528","targetHints":{"allow":["GET"]}}],"collection":[{"href":"https:\/\/buergerforum-mengen.de\/blog\/wordpress\/wp-json\/wp\/v2\/pages"}],"about":[{"href":"https:\/\/buergerforum-mengen.de\/blog\/wordpress\/wp-json\/wp\/v2\/types\/page"}],"author":[{"embeddable":true,"href":"https:\/\/buergerforum-mengen.de\/blog\/wordpress\/wp-json\/wp\/v2\/users\/5"}],"replies":[{"embeddable":true,"href":"https:\/\/buergerforum-mengen.de\/blog\/wordpress\/wp-json\/wp\/v2\/comments?post=528"}],"version-history":[{"count":17,"href":"https:\/\/buergerforum-mengen.de\/blog\/wordpress\/wp-json\/wp\/v2\/pages\/528\/revisions"}],"predecessor-version":[{"id":1810,"href":"https:\/\/buergerforum-mengen.de\/blog\/wordpress\/wp-json\/wp\/v2\/pages\/528\/revisions\/1810"}],"wp:attachment":[{"href":"https:\/\/buergerforum-mengen.de\/blog\/wordpress\/wp-json\/wp\/v2\/media?parent=528"}],"curies":[{"name":"wp","href":"https:\/\/api.w.org\/{rel}","templated":true}]}}