{"id":4484,"date":"2026-03-27T21:48:35","date_gmt":"2026-03-27T20:48:35","guid":{"rendered":"https:\/\/buergerforum-mengen.de\/blog\/wordpress\/?page_id=4484"},"modified":"2026-03-27T22:43:34","modified_gmt":"2026-03-27T21:43:34","slug":"wohnen","status":"publish","type":"page","link":"https:\/\/buergerforum-mengen.de\/blog\/wordpress\/wohnen\/","title":{"rendered":"Wohnen"},"content":{"rendered":"<p>Neu seit 2025; Arbeitsgruppe Wohninitiative Mengen<\/p>\n<p>Lust dabei zu sein? neugierig? Fragen? Bitte kontaktieren sie uns \u00fcber wohnprojekt-mengen@posteo.de<\/p>\n<p>Bei uns hat sich eine Gruppe Menschen zusammengetan, um ein besonderes Wohnprojekt zu gr\u00fcnden: eine Wohninitiative f\u00fcr Jung und Alt. Jedenfalls ist das unser Wunsch. Noch steht die Idee ganz am Anfang, wir suchen nach geeigneten H\u00e4usern\/ Grundst\u00fccken. Wie es dazu kam, dass sich die Gruppe Ende Oktober erstmals getroffen hat, wei\u00df Kai Hoffmann noch genau. \u201eMitglieder unserer B\u00fcrgerschaft haben immer wieder festgestellt, dass es in Mengen H\u00e4user gibt, die zu wenig genutzt werden\u201c, sagt der Vorsitzende des B\u00fcrgerforums. So gebe es beispielsweise Grundst\u00fccke mit ger\u00e4umigen H\u00e4usern, einst das Zuhause von Familien, heute der Wohnort f\u00fcr Menschen, deren Kinder l\u00e4ngst ausgezogen sind. \u201eVor allem f\u00fcr \u00e4ltere Menschen gibt es keine Alternativen als ihr eigenes Haus\u201c, sagt Hoffmann. Aber mit zunehmendem Alter sei auch das eigene Zuhause wom\u00f6glich nicht mehr f\u00fcr Menschen geeignet, wenn sie Schwierigkeiten bekommen, Treppen zu bew\u00e4ltigen, oder es nicht schaffen, anderen Menschen zu begegnen.<\/p>\n<p><a href=\"https:\/\/buergerforum-mengen.de\/blog\/wordpress\/wp-content\/uploads\/2026\/03\/WhatsApp-Image-2026-03-27-at-21.46.52.jpeg\"><img loading=\"lazy\" decoding=\"async\" class=\"wp-image-4485 alignleft\" src=\"https:\/\/buergerforum-mengen.de\/blog\/wordpress\/wp-content\/uploads\/2026\/03\/WhatsApp-Image-2026-03-27-at-21.46.52-1024x682.jpeg\" alt=\"\" width=\"354\" height=\"236\" srcset=\"https:\/\/buergerforum-mengen.de\/blog\/wordpress\/wp-content\/uploads\/2026\/03\/WhatsApp-Image-2026-03-27-at-21.46.52-1024x682.jpeg 1024w, https:\/\/buergerforum-mengen.de\/blog\/wordpress\/wp-content\/uploads\/2026\/03\/WhatsApp-Image-2026-03-27-at-21.46.52-300x200.jpeg 300w, https:\/\/buergerforum-mengen.de\/blog\/wordpress\/wp-content\/uploads\/2026\/03\/WhatsApp-Image-2026-03-27-at-21.46.52-768x512.jpeg 768w, https:\/\/buergerforum-mengen.de\/blog\/wordpress\/wp-content\/uploads\/2026\/03\/WhatsApp-Image-2026-03-27-at-21.46.52-1536x1023.jpeg 1536w, https:\/\/buergerforum-mengen.de\/blog\/wordpress\/wp-content\/uploads\/2026\/03\/WhatsApp-Image-2026-03-27-at-21.46.52.jpeg 2048w\" sizes=\"auto, (max-width: 354px) 100vw, 354px\" \/><\/a>\u201eWir haben uns gefragt: Wie wollen wir denn selbst im Alter wohnen?\u201c, sagt Hoffmann. Viele der jetzt im Dorf aktiven Menschen m\u00f6chten gern in Mengen alt werden und nicht in ein Seniorenheim oder ein Wohnprojekt weit entfernt umziehen m\u00fcssen. \u201eIn Schallstadt gibt es solche Wohnformen bereits, doch ein eigenes Wohnprojekt w\u00fcrde jungen und alten Menschen erm\u00f6glichen, altersgerecht in Mengen zu leben und miteinander aktiv zu sein\u201c, erkl\u00e4rt der 60-J\u00e4hrige.<\/p>\n<p>Nach ersten formlosen Gespr\u00e4chen mit grunds\u00e4tzlich Interessierten f\u00fcr ein m\u00f6gliches Wohnprojekt hatte Hoffmann dann ein erstes Treffen initiiert und im September im Gemeindeblatt ein Inserat geschaltet, um zu schauen, wie viele andere Menschen an dem Thema interessiert sind. \u201eEs haben sich einige gemeldet, die Interesse an so einem Projekt haben\u201c, sagt Kai Hoffmann. Menschen aus allen Altersklassen seien im Team dabei, es gebe G\u00e4rtner, Handwerker, Lehrer \u2013 eine heterogene Gruppe, freut sich Hoffmann. Etwa 15 Mitglieder beteiligen sich nun an der Initiative. \u201eManche sind schon wieder abgesprungen, doch es kommen auch immer wieder Neue dazu\u201c, so Hoffmann.<\/p>\n<p>Im September 25 fand dann das erste Treffen der Projektgruppe f\u00fcr das alternative Wohnprojekt f\u00fcr Jung und Alt mit dem Arbeitstitel \u201eDorf im Dorf\u201c statt. Hoffmann: \u201eEinen festen Namen f\u00fcr das Projekt haben wir noch nicht gefunden, doch \u201aDorf im Dorf\u2018 beschreibt ein bisschen, was wir uns vorstellen, und mit dem Namen kann jeder von uns mitgehen\u201c, verr\u00e4t Hoffmann.<\/p>\n<p>Wie sich die Initiative ein Wohnprojekt f\u00fcr Jung und Alt vorstellt, kann Kai Hoffmann ganz genau erkl\u00e4ren: \u201eJeder soll seinen eigenen Wohnbereich haben, wohin man sich zur\u00fcckziehen kann. Es sollte verschiedene Wohnungsgr\u00f6\u00dfen, aber auch Wohngemeinschaften im Geb\u00e4ude geben\u201c, so Hoffmann. Das Besondere: Man soll Ressourcen teilen k\u00f6nnen. Zum Beispiel kann es ein gemeinsames G\u00e4stezimmer geben, sodass einen die Kinder weiterhin besuchen k\u00f6nnen. Oder auch eine Gemeinschaftswerkstatt, ein gro\u00dfer Raum f\u00fcr Besprechungen oder Feiern oder ein gemeinsamer Garten. \u00c4ltere Menschen k\u00f6nnten sich zum Beispiel eine Pflegekraft mit anderen teilen, um Kosten zu sparen, denn es gebe ich Mengen bisher keinen Pflegest\u00fctzpunkt, sagt Hoffmann.<\/p>\n","protected":false},"excerpt":{"rendered":"<p>Neu seit 2025; Arbeitsgruppe Wohninitiative Mengen Lust dabei zu sein? neugierig? Fragen? Bitte kontaktieren sie uns \u00fcber wohnprojekt-mengen@posteo.de Bei uns hat sich eine Gruppe Menschen zusammengetan, um ein besonderes Wohnprojekt zu gr\u00fcnden: eine Wohninitiative f\u00fcr Jung und Alt. Jedenfalls ist &hellip; <a href=\"https:\/\/buergerforum-mengen.de\/blog\/wordpress\/wohnen\/\">Weiterlesen <span class=\"meta-nav\">&rarr;<\/span><\/a><\/p>\n","protected":false},"author":5,"featured_media":0,"parent":0,"menu_order":0,"comment_status":"closed","ping_status":"closed","template":"","meta":{"_bbp_topic_count":0,"_bbp_reply_count":0,"_bbp_total_topic_count":0,"_bbp_total_reply_count":0,"_bbp_voice_count":0,"_bbp_anonymous_reply_count":0,"_bbp_topic_count_hidden":0,"_bbp_reply_count_hidden":0,"_bbp_forum_subforum_count":0,"footnotes":""},"class_list":["post-4484","page","type-page","status-publish","hentry"],"_links":{"self":[{"href":"https:\/\/buergerforum-mengen.de\/blog\/wordpress\/wp-json\/wp\/v2\/pages\/4484","targetHints":{"allow":["GET"]}}],"collection":[{"href":"https:\/\/buergerforum-mengen.de\/blog\/wordpress\/wp-json\/wp\/v2\/pages"}],"about":[{"href":"https:\/\/buergerforum-mengen.de\/blog\/wordpress\/wp-json\/wp\/v2\/types\/page"}],"author":[{"embeddable":true,"href":"https:\/\/buergerforum-mengen.de\/blog\/wordpress\/wp-json\/wp\/v2\/users\/5"}],"replies":[{"embeddable":true,"href":"https:\/\/buergerforum-mengen.de\/blog\/wordpress\/wp-json\/wp\/v2\/comments?post=4484"}],"version-history":[{"count":2,"href":"https:\/\/buergerforum-mengen.de\/blog\/wordpress\/wp-json\/wp\/v2\/pages\/4484\/revisions"}],"predecessor-version":[{"id":4498,"href":"https:\/\/buergerforum-mengen.de\/blog\/wordpress\/wp-json\/wp\/v2\/pages\/4484\/revisions\/4498"}],"wp:attachment":[{"href":"https:\/\/buergerforum-mengen.de\/blog\/wordpress\/wp-json\/wp\/v2\/media?parent=4484"}],"curies":[{"name":"wp","href":"https:\/\/api.w.org\/{rel}","templated":true}]}}