{"id":1180,"date":"2017-05-01T19:05:17","date_gmt":"2017-05-01T17:05:17","guid":{"rendered":"http:\/\/buergerforum-mengen.de\/blog\/wordpress\/?page_id=1180"},"modified":"2017-05-01T19:05:41","modified_gmt":"2017-05-01T17:05:41","slug":"weitere-ideen-projekte","status":"publish","type":"page","link":"https:\/\/buergerforum-mengen.de\/blog\/wordpress\/ueber-uns\/arbeitsgruppen\/weitere-ideen-projekte\/","title":{"rendered":"Weitere Ideen \/ Projekte"},"content":{"rendered":"<h1><strong>Weitere Ideen \/ Projekte (derzeit nicht aktiv):<\/strong><\/h1>\n<ul>\n<li>Nachbarschaftshilfe<\/li>\n<li>Dorf-Flohmarkt<\/li>\n<li>Kleider-Tauschb\u00f6rse<\/li>\n<li>L\u00e4rm- \/ Schallschutz<\/li>\n<li>Ausleih-Pool f\u00fcr Werkzeuge, Maschinen, Anh\u00e4nger<\/li>\n<li>gemeinsame Radtouren, Angebot f\u00fcr Wochenend-Ausfahrten<\/li>\n<li>Internationale K\u00fcche (von B\u00fcrgern mit ausl\u00e4ndischem Hintergrund)<\/li>\n<li>Dorf-Olympiade<\/li>\n<li>Hundekotbeutel (Hundebeutel-Spender aufstellen, M\u00fclleimer f\u00fcr Hundebeutel, Pflege von Bachwegen und Schotterwegen)<\/li>\n<li>Drittes und viertes Gleis (aktuelle Entwicklungen beim Bau der Rheintalbahn aufnehmen und im Bedarfsfall agieren, ggfs. in Zusammenarbeit mit MUT)<\/li>\n<li>Wohnungsbau (aktive Baulandpolitik im Ortsteil Mengen, bezahlbare Wohnungen f\u00fcr junge Familien)<\/li>\n<li>Dorfladen (Schaffung von R\u00e4umen und Gesch\u00e4ften im Ort, ggfs. Umsetzung eines \u201eDorfladens\u201c mit den Dingen des t\u00e4glichen Bedarfs)<\/li>\n<li>Kultur im Ort (vorhandenes Kulturangebot bekannt machen und nutzen)<\/li>\n<\/ul>\n<h2><strong>??? Ihre Ideen ???<\/strong><\/h2>\n<p>Wer Interesse hat, sich in einem dieser Themen &#8211; oder bei einem ganz anderen Thema &#8211; zu engagieren, schreibt am besten eine kurze Mail an einen der Ansprechpartner oder an <a href=\"mailto:vorstand@buergerforum-mengen.de\">vorstand@buergerforum-mengen.de<\/a><\/p>\n<p>&nbsp;<\/p>\n","protected":false},"excerpt":{"rendered":"<p>Weitere Ideen \/ Projekte (derzeit nicht aktiv): Nachbarschaftshilfe Dorf-Flohmarkt Kleider-Tauschb\u00f6rse L\u00e4rm- \/ Schallschutz Ausleih-Pool f\u00fcr Werkzeuge, Maschinen, Anh\u00e4nger gemeinsame Radtouren, Angebot f\u00fcr Wochenend-Ausfahrten Internationale K\u00fcche (von B\u00fcrgern mit ausl\u00e4ndischem Hintergrund) Dorf-Olympiade Hundekotbeutel (Hundebeutel-Spender aufstellen, M\u00fclleimer f\u00fcr Hundebeutel, Pflege von Bachwegen &hellip; <a href=\"https:\/\/buergerforum-mengen.de\/blog\/wordpress\/ueber-uns\/arbeitsgruppen\/weitere-ideen-projekte\/\">Weiterlesen <span class=\"meta-nav\">&rarr;<\/span><\/a><\/p>\n","protected":false},"author":5,"featured_media":0,"parent":1169,"menu_order":0,"comment_status":"closed","ping_status":"closed","template":"","meta":{"_bbp_topic_count":0,"_bbp_reply_count":0,"_bbp_total_topic_count":0,"_bbp_total_reply_count":0,"_bbp_voice_count":0,"_bbp_anonymous_reply_count":0,"_bbp_topic_count_hidden":0,"_bbp_reply_count_hidden":0,"_bbp_forum_subforum_count":0,"footnotes":""},"class_list":["post-1180","page","type-page","status-publish","hentry"],"_links":{"self":[{"href":"https:\/\/buergerforum-mengen.de\/blog\/wordpress\/wp-json\/wp\/v2\/pages\/1180","targetHints":{"allow":["GET"]}}],"collection":[{"href":"https:\/\/buergerforum-mengen.de\/blog\/wordpress\/wp-json\/wp\/v2\/pages"}],"about":[{"href":"https:\/\/buergerforum-mengen.de\/blog\/wordpress\/wp-json\/wp\/v2\/types\/page"}],"author":[{"embeddable":true,"href":"https:\/\/buergerforum-mengen.de\/blog\/wordpress\/wp-json\/wp\/v2\/users\/5"}],"replies":[{"embeddable":true,"href":"https:\/\/buergerforum-mengen.de\/blog\/wordpress\/wp-json\/wp\/v2\/comments?post=1180"}],"version-history":[{"count":2,"href":"https:\/\/buergerforum-mengen.de\/blog\/wordpress\/wp-json\/wp\/v2\/pages\/1180\/revisions"}],"predecessor-version":[{"id":1182,"href":"https:\/\/buergerforum-mengen.de\/blog\/wordpress\/wp-json\/wp\/v2\/pages\/1180\/revisions\/1182"}],"up":[{"embeddable":true,"href":"https:\/\/buergerforum-mengen.de\/blog\/wordpress\/wp-json\/wp\/v2\/pages\/1169"}],"wp:attachment":[{"href":"https:\/\/buergerforum-mengen.de\/blog\/wordpress\/wp-json\/wp\/v2\/media?parent=1180"}],"curies":[{"name":"wp","href":"https:\/\/api.w.org\/{rel}","templated":true}]}}