{"id":1178,"date":"2017-05-01T18:37:34","date_gmt":"2017-05-01T16:37:34","guid":{"rendered":"http:\/\/buergerforum-mengen.de\/blog\/wordpress\/?page_id=1178"},"modified":"2025-03-22T18:34:52","modified_gmt":"2025-03-22T17:34:52","slug":"gruppe-tauschboerse","status":"publish","type":"page","link":"https:\/\/buergerforum-mengen.de\/blog\/wordpress\/ueber-uns\/arbeitsgruppen\/gruppe-tauschboerse\/","title":{"rendered":"Gruppe Tauschb\u00f6rse"},"content":{"rendered":"<ul>\n<li class=\"western\"><span style=\"font-family: Arial,sans-serif;\"><span style=\"font-size: medium;\">Organisation des \u201eVerschenke-Marktes\u201c: einmal j\u00e4hrlich<\/span><\/span><\/li>\n<li class=\"western\"><span style=\"font-family: Arial,sans-serif;\"><span style=\"font-size: medium;\">Aufbau einer Tauschb\u00f6rse, \u00fcber WhatsApp<br \/>\n<\/span><\/span><\/li>\n<li class=\"western\"><span style=\"font-family: Arial,sans-serif;\"><span style=\"font-size: medium;\">Einkaufshilfen \/ Fahrdienste f\u00fcr Mitb\u00fcrger<\/span><\/span><\/li>\n<li class=\"western\"><span style=\"font-family: Arial,sans-serif;\"><span style=\"font-size: medium;\">Unterst\u00fctzung des B\u00fccherzimmers<\/span><\/span><\/li>\n<li class=\"western\"><span style=\"font-family: Arial,sans-serif;\"><span style=\"font-size: medium;\">Dorfrundgang \u201eMengener Geschichte(n)\u201c mit QR Codes<br \/>\n<\/span><\/span><\/li>\n<li class=\"western\"><span style=\"font-family: Arial,sans-serif;\"><span style=\"font-size: medium;\">Weitere Ideen:<br \/>\n<\/span><\/span>\u201e<span style=\"font-family: Arial,sans-serif;\"><span style=\"font-size: medium;\">K\u00fcnstler-Markt\u201c (Pr\u00e4sentation ortsans\u00e4ssiger K\u00fcnstler)<br \/>\n<\/span><\/span>\u201e<span style=\"font-family: Arial,sans-serif;\"><span style=\"font-size: medium;\">Reparatur-Caf\u00e9\u201c (gegenseitige Unterst\u00fctzung beim Reparieren von Gegenst\u00e4nden)<\/span><\/span><\/li>\n<\/ul>\n<p class=\"western\"><span style=\"font-family: Arial,sans-serif;\"><span style=\"font-size: medium;\">Wir freuen uns \u00fcber weitere engagierte Mitstreiter! Wir treffen uns in unregelm\u00e4\u00dfigen Abst\u00e4nden donnerstags. Wer mitmachen will oder Fragen hat, kann sich gerne bei uns melden!<\/span><\/span><\/p>\n<h2><strong>Ansprechpartner:<\/strong><\/h2>\n<ul>\n<li class=\"western\"><span style=\"font-family: Arial,sans-serif;\"><span style=\"font-size: medium;\">Silke Kiechle, Tel. 07664 \/ 5399, Mail: silkekiechle@gmail.com<\/span><\/span><\/li>\n<li class=\"western\"><span style=\"font-family: Arial,sans-serif;\"><span style=\"font-size: medium;\">Sabine Schweizer; Tel. 07664 \/ 3620, Mail: schweizer.mueller@gmx.de<\/span><\/span><\/li>\n<\/ul>\n<p>Bitte schaut auch in die Tausch und Verleihb\u00f6rse<\/p>\n<p>F\u00fcr das Verleihen empfehlen wir einen Vertrag: <a href=\"https:\/\/buergerforum-mengen.de\/blog\/wordpress\/wp-content\/uploads\/2022\/01\/Ausleih-Vereinbarung-Muster.pdf\">Ausleih &#8211; Vereinbarung Muster<\/a><\/p>\n<p>&nbsp;<\/p>\n","protected":false},"excerpt":{"rendered":"<p>Organisation des \u201eVerschenke-Marktes\u201c: einmal j\u00e4hrlich Aufbau einer Tauschb\u00f6rse, \u00fcber WhatsApp Einkaufshilfen \/ Fahrdienste f\u00fcr Mitb\u00fcrger Unterst\u00fctzung des B\u00fccherzimmers Dorfrundgang \u201eMengener Geschichte(n)\u201c mit QR Codes Weitere Ideen: \u201eK\u00fcnstler-Markt\u201c (Pr\u00e4sentation ortsans\u00e4ssiger K\u00fcnstler) \u201eReparatur-Caf\u00e9\u201c (gegenseitige Unterst\u00fctzung beim Reparieren von Gegenst\u00e4nden) Wir freuen uns &hellip; <a href=\"https:\/\/buergerforum-mengen.de\/blog\/wordpress\/ueber-uns\/arbeitsgruppen\/gruppe-tauschboerse\/\">Weiterlesen <span class=\"meta-nav\">&rarr;<\/span><\/a><\/p>\n","protected":false},"author":5,"featured_media":0,"parent":1169,"menu_order":0,"comment_status":"closed","ping_status":"closed","template":"","meta":{"_bbp_topic_count":0,"_bbp_reply_count":0,"_bbp_total_topic_count":0,"_bbp_total_reply_count":0,"_bbp_voice_count":0,"_bbp_anonymous_reply_count":0,"_bbp_topic_count_hidden":0,"_bbp_reply_count_hidden":0,"_bbp_forum_subforum_count":0,"footnotes":""},"class_list":["post-1178","page","type-page","status-publish","hentry"],"_links":{"self":[{"href":"https:\/\/buergerforum-mengen.de\/blog\/wordpress\/wp-json\/wp\/v2\/pages\/1178","targetHints":{"allow":["GET"]}}],"collection":[{"href":"https:\/\/buergerforum-mengen.de\/blog\/wordpress\/wp-json\/wp\/v2\/pages"}],"about":[{"href":"https:\/\/buergerforum-mengen.de\/blog\/wordpress\/wp-json\/wp\/v2\/types\/page"}],"author":[{"embeddable":true,"href":"https:\/\/buergerforum-mengen.de\/blog\/wordpress\/wp-json\/wp\/v2\/users\/5"}],"replies":[{"embeddable":true,"href":"https:\/\/buergerforum-mengen.de\/blog\/wordpress\/wp-json\/wp\/v2\/comments?post=1178"}],"version-history":[{"count":4,"href":"https:\/\/buergerforum-mengen.de\/blog\/wordpress\/wp-json\/wp\/v2\/pages\/1178\/revisions"}],"predecessor-version":[{"id":3933,"href":"https:\/\/buergerforum-mengen.de\/blog\/wordpress\/wp-json\/wp\/v2\/pages\/1178\/revisions\/3933"}],"up":[{"embeddable":true,"href":"https:\/\/buergerforum-mengen.de\/blog\/wordpress\/wp-json\/wp\/v2\/pages\/1169"}],"wp:attachment":[{"href":"https:\/\/buergerforum-mengen.de\/blog\/wordpress\/wp-json\/wp\/v2\/media?parent=1178"}],"curies":[{"name":"wp","href":"https:\/\/api.w.org\/{rel}","templated":true}]}}