{"id":1169,"date":"2017-05-01T17:57:08","date_gmt":"2017-05-01T15:57:08","guid":{"rendered":"http:\/\/buergerforum-mengen.de\/blog\/wordpress\/?page_id=1169"},"modified":"2020-03-16T16:00:27","modified_gmt":"2020-03-16T15:00:27","slug":"arbeitsgruppen","status":"publish","type":"page","link":"https:\/\/buergerforum-mengen.de\/blog\/wordpress\/ueber-uns\/arbeitsgruppen\/","title":{"rendered":"Arbeitsgruppen"},"content":{"rendered":"<h2><strong>F\u00fcr aktive B\u00fcrger unserer Gemeinde haben wir folgende Arbeitsgruppen<\/strong><\/h2>\n<ul>\n<li><a href=\"http:\/\/buergerforum-mengen.de\/blog\/wordpress\/arbeitsgruppen\/gruppe-verkehr\/\">Gruppe Verkehr<\/a><\/li>\n<li><a href=\"http:\/\/buergerforum-mengen.de\/blog\/wordpress\/arbeitsgruppen\/gruppe-dorfmitte\/\">Gruppe Dorfmitte<\/a><\/li>\n<li><a href=\"http:\/\/buergerforum-mengen.de\/blog\/wordpress\/arbeitsgruppen\/gruppe-jugend\/\">Gruppe Jugend<\/a><\/li>\n<li><a href=\"http:\/\/buergerforum-mengen.de\/blog\/wordpress\/arbeitsgruppen\/gruppe-tauschboerse\/\">Gruppe Tauschb\u00f6rse<\/a><\/li>\n<li><a href=\"http:\/\/buergerforum-mengen.de\/blog\/wordpress\/arbeitsgruppen\/weitere-ideen-projekte\/\">Weitere Ideen \/ Projekte (derzeit nicht aktiv)<\/a><\/li>\n<li><a href=\"https:\/\/buergerforum-mengen.de\/blog\/wordpress\/ueber-uns\/arbeitsgruppen\/agenda2030-schallstadrt-co2-frei\/\">Agenda 2030 Schallstadt-CO2- Frei<\/a><\/li>\n<\/ul>\n<p>&nbsp;<\/p>\n","protected":false},"excerpt":{"rendered":"<p>F\u00fcr aktive B\u00fcrger unserer Gemeinde haben wir folgende Arbeitsgruppen Gruppe Verkehr Gruppe Dorfmitte Gruppe Jugend Gruppe Tauschb\u00f6rse Weitere Ideen \/ Projekte (derzeit nicht aktiv) Agenda 2030 Schallstadt-CO2- Frei &nbsp;<\/p>\n","protected":false},"author":5,"featured_media":0,"parent":717,"menu_order":0,"comment_status":"closed","ping_status":"closed","template":"","meta":{"_bbp_topic_count":0,"_bbp_reply_count":0,"_bbp_total_topic_count":0,"_bbp_total_reply_count":0,"_bbp_voice_count":0,"_bbp_anonymous_reply_count":0,"_bbp_topic_count_hidden":0,"_bbp_reply_count_hidden":0,"_bbp_forum_subforum_count":0,"footnotes":""},"class_list":["post-1169","page","type-page","status-publish","hentry"],"_links":{"self":[{"href":"https:\/\/buergerforum-mengen.de\/blog\/wordpress\/wp-json\/wp\/v2\/pages\/1169","targetHints":{"allow":["GET"]}}],"collection":[{"href":"https:\/\/buergerforum-mengen.de\/blog\/wordpress\/wp-json\/wp\/v2\/pages"}],"about":[{"href":"https:\/\/buergerforum-mengen.de\/blog\/wordpress\/wp-json\/wp\/v2\/types\/page"}],"author":[{"embeddable":true,"href":"https:\/\/buergerforum-mengen.de\/blog\/wordpress\/wp-json\/wp\/v2\/users\/5"}],"replies":[{"embeddable":true,"href":"https:\/\/buergerforum-mengen.de\/blog\/wordpress\/wp-json\/wp\/v2\/comments?post=1169"}],"version-history":[{"count":5,"href":"https:\/\/buergerforum-mengen.de\/blog\/wordpress\/wp-json\/wp\/v2\/pages\/1169\/revisions"}],"predecessor-version":[{"id":1968,"href":"https:\/\/buergerforum-mengen.de\/blog\/wordpress\/wp-json\/wp\/v2\/pages\/1169\/revisions\/1968"}],"up":[{"embeddable":true,"href":"https:\/\/buergerforum-mengen.de\/blog\/wordpress\/wp-json\/wp\/v2\/pages\/717"}],"wp:attachment":[{"href":"https:\/\/buergerforum-mengen.de\/blog\/wordpress\/wp-json\/wp\/v2\/media?parent=1169"}],"curies":[{"name":"wp","href":"https:\/\/api.w.org\/{rel}","templated":true}]}}